{"id":3028,"date":"2021-05-25T11:54:05","date_gmt":"2021-05-25T15:54:05","guid":{"rendered":"https:\/\/equipemorin.ca\/?page_id=3028"},"modified":"2021-05-25T13:19:04","modified_gmt":"2021-05-25T17:19:04","slug":"courtier-immobilier-cap-rouge","status":"publish","type":"page","link":"https:\/\/claudiamorin.com\/en\/blogue\/courtier-immobilier-cap-rouge\/","title":{"rendered":"Cap-rouge"},"content":{"rendered":"\n<figure class=\"wp-block-image\"><img loading=\"lazy\" decoding=\"async\" width=\"1024\" height=\"683\" src=\"https:\/\/equipemorin.ca\/files\/2021\/05\/1080px-Rue_Provencher_Cap-Rouge-1024x683.jpg\" alt=\"\" class=\"wp-image-3030\" srcset=\"https:\/\/claudiamorin.com\/files\/2021\/05\/1080px-Rue_Provencher_Cap-Rouge-1024x683.jpg 1024w, https:\/\/claudiamorin.com\/files\/2021\/05\/1080px-Rue_Provencher_Cap-Rouge-300x200.jpg 300w, https:\/\/claudiamorin.com\/files\/2021\/05\/1080px-Rue_Provencher_Cap-Rouge-768x512.jpg 768w, https:\/\/claudiamorin.com\/files\/2021\/05\/1080px-Rue_Provencher_Cap-Rouge.jpg 1080w\" sizes=\"auto, (max-width: 1024px) 100vw, 1024px\" \/><figcaption>Par <a href=\"https:\/\/commons.wikimedia.org\/wiki\/User:Cortomaltais%22%20title=%22User:Cortomaltais\">Cortomaltais<\/a> \u2014 Travail personnel, <a href=\"https:\/\/creativecommons.org\/licenses\/by-sa\/3.0\">CC BY-SA 3.0<\/a>, <a href=\"https:\/\/commons.wikimedia.org\/w\/index.php?curid=2891704\">Lien\ufeff<\/a><\/figcaption><\/figure>\n\n\n\n<h2 class=\"wp-block-heading\">Claudia Morin, un courtier immobilier \u00e0 Cap-Rouge 100% \u00e0 votre service <\/h2>\n\n\n\n<p>R\u00e9aliser une vente immobili\u00e8re ou un achat\nimmobilier est un processus qui prend du temps et qui requiert d\u2019avoir de\nsolides connaissances dans le domaine de l\u2019immobilier. <strong>Faites le choix de\nl\u2019efficacit\u00e9 pour votre transaction immobili\u00e8re<\/strong> en demandant les services de\nClaudia Morin&nbsp;!<\/p>\n\n\n\n<p>Courtier immobilier \u00e0 Cap-Rouge depuis pr\u00e8s de\n15 ans, nous sommes une <strong>\u00e9quipe r\u00e9put\u00e9e pour notre d\u00e9termination, notre\ndynamisme et notre service \u00e0 la client\u00e8le hors pair.<\/strong> Avec nous, vous serez\nentour\u00e9 par des professionnels attentionn\u00e9s, du d\u00e9but \u00e0 la fin de votre\ntransaction immobili\u00e8re.<\/p>\n\n\n\n<p><a href=\"https:\/\/equipemorin.ca\/nous-contacter\/\">Contactez-nous d\u00e8s aujourd&#8217;hui<\/a>\npour nous parler de votre projet de vente de votre condo, votre multi-logements\nou votre maison \u00e0 Cap-Rouge. Nous nous engageons \u00e0 faire <strong>notre maximum pour\nvous satisfaire<\/strong>.<\/p>\n\n\n\n<h2 class=\"wp-block-heading\"> Un service cl\u00e9s en main pour simplifier vos transactions immobili\u00e8res <\/h2>\n\n\n\n<p>Lorsque l\u2019on a une vie professionnelle et une\nvie familiale, il peut \u00eatre <strong>difficile de trouver du temps pour s\u2019occuper de\nvendre sa maison ou son condo<\/strong>. Facilitez-vous la t\u00e2che en demandant les\nservices de professionnels de l\u2019immobilier&nbsp;! Que vous vouliez vendre ou\nacheter une maison ou un condo \u00e0 Cap-Rouge, nous vous assurons <strong>un service en\ntoute efficacit\u00e9, sans stress ni tracas<\/strong>.<\/p>\n\n\n\n<p>En tant que courtier immobilier \u00e0 Cap-Rouge,\nnous proposons nos services pour&nbsp;:<\/p>\n\n\n\n<h3 class=\"wp-block-heading\">Vente immobili\u00e8re<\/h3>\n\n\n\n<p>Vous voulez quitter votre propri\u00e9t\u00e9 et vous\nsouhaitez la <strong>vendre dans les meilleurs d\u00e9lais et au meilleur prix<\/strong>&nbsp;?\nMettez toutes les chances de votre c\u00f4t\u00e9 en nous confiant votre <a href=\"https:\/\/equipemorin.ca\/vendre-2\/conseils-pour-la-vente\/\">vente\nimmobili\u00e8re<\/a>&nbsp;!<\/p>\n\n\n\n<p>Minutieux et rigoureux, nous ferons des\nanalyses pr\u00e9cises du march\u00e9 immobilier local et de votre propri\u00e9t\u00e9 pour <strong>fixer\nun prix de vente juste et avantageux<\/strong>. Nous prendrons \u00e9galement en charge\nles contacts avec les personnes int\u00e9ress\u00e9es, des premiers \u00e9changes aux visites,\nsans oublier les \u00e9ventuelles n\u00e9gociations. Pendant tout ce processus, vous\nserez \u00e9videmment r\u00e9guli\u00e8rement tenu \u00e0 courant, pour suivre l\u2019\u00e9volution de la\nvente immobili\u00e8re et <strong>profiter d\u2019un service pleinement satisfaisant<\/strong>.<\/p>\n\n\n\n<div class=\"wp-block-button\"><a class=\"wp-block-button__link\" href=\"https:\/\/equipemorin.ca\/outils\/evaluation-en-ligne\/\">\u00c9valuez votre propri\u00e9t\u00e9 en ligne en quelques clics<br><\/a><\/div>\n\n\n\n<h3 class=\"wp-block-heading\">Achat immobilier<\/h3>\n\n\n\n<p>Un achat de maison ou de condo repr\u00e9sente un\ninvestissement important. Assurez-vous de <strong>prendre les bonnes d\u00e9cisions en\nvous faisant accompagner par des professionnels<\/strong>&nbsp;! En choisissant\nClaudia Morin comme courtier immobilier \u00e0 Cap-Rouge, vous aurez un v\u00e9ritable\nalli\u00e9 pour r\u00e9ussir votre <a href=\"https:\/\/equipemorin.ca\/acheter-2\/conseils-pour-lachat\/\">achat immobilier.<\/a><\/p>\n\n\n\n<p>Dans le domaine de l\u2019immobilier \u00e0 Qu\u00e9bec\ndepuis 2008, nous avons une solide connaissance du march\u00e9 immobilier local.\nGr\u00e2ce \u00e0 cela, nous <strong>pourrons vous conseiller et vous guider avec efficacit\u00e9<\/strong>\npour votre recherche d\u2019un condo ou d\u2019une maison \u00e0 Cap-Rouge. Impliqu\u00e9s aupr\u00e8s\nde chacun de nos clients, nous assurons des <strong>services sur mesure pour\nr\u00e9pondre aux besoins de chacun<\/strong>.<\/p>\n\n\n\n<div class=\"wp-block-button\"><a class=\"wp-block-button__link\" href=\"https:\/\/equipemorin.ca\/nos-proprietes\/\">Procurez-vous notre catalogue de propri\u00e9t\u00e9s \u00e0 vendre<br><\/a><\/div>\n\n\n\n<p>Besoin d\u2019un courtier immobilier \u00e0 Cap-Rouge&nbsp;? Appelez-nous au (418) 952-8595<\/p>\n\n\n\n<h2 class=\"wp-block-heading\">Une \u00e9quipe disponible et \u00e0 l\u2019\u00e9coute pour vous satisfaire<\/h2>\n\n\n\n<p>Lors d\u2019une vente immobili\u00e8re ou d\u2019un achat\nimmobilier, il peut y avoir des doutes et des impr\u00e9vus. Rassurez-vous, en cas\nde probl\u00e8me ou d\u2019interrogation, <strong>notre \u00e9quipe fera tout son possible pour\nvous pr\u00eater main-forte et dissiper vos h\u00e9sitations<\/strong>.<\/p>\n\n\n\n<p>Enti\u00e8rement d\u00e9vou\u00e9s \u00e0 nos clients, nous sommes\nfacilement joignables et <strong>nous prenons toujours le temps n\u00e9cessaire pour\ndiscuter avec chacun<\/strong>. Faire appel \u00e0 Claudia Morin comme courtier immobilier\n\u00e0 Cap-Rouge, c\u2019est donc l\u2019assurance de recevoir l\u2019accompagnement dont vous avez\nbesoin pour acheter ou vendre une propri\u00e9t\u00e9. <\/p>\n\n\n\n<h2 class=\"wp-block-heading\"> Contactez-nous sans plus attendre <\/h2>\n\n\n\n<p>Vous voulez faire appel \u00e0 un courtier\nimmobilier \u00e0 Cap-Rouge&nbsp;? Claudia Morin <strong>vous assure un service \u00e0 la\nhauteur de vos attentes<\/strong> pour votre achat immobilier ou votre vente\nimmobili\u00e8re.<\/p>\n\n\n\n<p>Que vous soyez acheteur ou vendeur,\ncontactez-notre \u00e9quipe pour nous pr\u00e9senter votre projet immobilier. Qu\u2019il\ns\u2019agisse d\u2019un achat ou d\u2019une vente de condo, de multi-logements ou de maison \u00e0\nCap-Rouge, nous serons <strong>ravis de mettre notre expertise \u00e0 votre service<\/strong>.<\/p>\n\n\n\n<p>Pour toute demande de renseignement ou de\nrendez-vous, nous sommes joignables par t\u00e9l\u00e9phone au <strong>(418) 952-8595<\/strong>,\nmais aussi par courriel via le formulaire de <a href=\"https:\/\/equipemorin.ca\/nous-contacter\/\">notre page contact<\/a>. Au\nplaisir&nbsp;!<\/p>\n","protected":false},"excerpt":{"rendered":"<p>Claudia Morin, un courtier immobilier \u00e0 Cap-Rouge 100% \u00e0 votre service R\u00e9aliser une vente immobili\u00e8re ou un achat immobilier est un processus qui prend du temps et qui requiert d\u2019avoir de solides connaissances dans le domaine de l\u2019immobilier. Faites le choix de l\u2019efficacit\u00e9 pour votre transaction immobili\u00e8re en demandant les services de Claudia Morin&nbsp;! Courtier [&hellip;]<\/p>\n","protected":false},"author":769,"featured_media":0,"parent":261,"menu_order":1,"comment_status":"closed","ping_status":"closed","template":"","meta":{"_acf_changed":false,"footnotes":""},"class_list":["post-3028","page","type-page","status-publish","hentry"],"acf":[],"yoast_head":"<!-- This site is optimized with the Yoast SEO plugin v26.7 - https:\/\/yoast.com\/wordpress\/plugins\/seo\/ -->\n<title>Meilleur courtier Immobilier Cap-Rouge \u01c0 Claudia Morin<\/title>\n<meta name=\"description\" content=\"Vous cherchez \u00e0 vendre ou \u00e0 acheter une propri\u00e9t\u00e9 \u00e0 Cap-Rouge ? Claudia Morin vous assure une transaction immobili\u00e8re rapide et avantageuse !\" \/>\n<meta name=\"robots\" content=\"index, follow, max-snippet:-1, max-image-preview:large, max-video-preview:-1\" \/>\n<link rel=\"canonical\" href=\"https:\/\/claudiamorin.com\/blogue\/courtier-immobilier-cap-rouge\/\" \/>\n<meta property=\"og:locale\" content=\"en_US\" \/>\n<meta property=\"og:type\" content=\"article\" \/>\n<meta property=\"og:title\" content=\"Meilleur courtier Immobilier Cap-Rouge \u01c0 Claudia Morin\" \/>\n<meta property=\"og:description\" content=\"Vous cherchez \u00e0 vendre ou \u00e0 acheter une propri\u00e9t\u00e9 \u00e0 Cap-Rouge ? Claudia Morin vous assure une transaction immobili\u00e8re rapide et avantageuse !\" \/>\n<meta property=\"og:url\" content=\"https:\/\/claudiamorin.com\/blogue\/courtier-immobilier-cap-rouge\/\" \/>\n<meta property=\"og:site_name\" content=\"Claudia Morin RE\/MAX Real Estate Broker\" \/>\n<meta property=\"article:publisher\" content=\"https:\/\/www.facebook.com\/claudiamorinremax\/\" \/>\n<meta property=\"article:modified_time\" content=\"2021-05-25T17:19:04+00:00\" \/>\n<meta property=\"og:image\" content=\"https:\/\/equipemorin.ca\/files\/2021\/05\/1080px-Rue_Provencher_Cap-Rouge-1024x683.jpg\" \/>\n<meta name=\"twitter:card\" content=\"summary_large_image\" \/>\n<meta name=\"twitter:site\" content=\"@remax_claudia\" \/>\n<meta name=\"twitter:label1\" content=\"Est. reading time\" \/>\n\t<meta name=\"twitter:data1\" content=\"4 minutes\" \/>\n<script type=\"application\/ld+json\" class=\"yoast-schema-graph\">{\"@context\":\"https:\/\/schema.org\",\"@graph\":[{\"@type\":\"WebPage\",\"@id\":\"https:\/\/claudiamorin.com\/blogue\/courtier-immobilier-cap-rouge\/\",\"url\":\"https:\/\/claudiamorin.com\/blogue\/courtier-immobilier-cap-rouge\/\",\"name\":\"Meilleur courtier Immobilier Cap-Rouge \u01c0 Claudia Morin\",\"isPartOf\":{\"@id\":\"https:\/\/claudiamorin.com\/#website\"},\"primaryImageOfPage\":{\"@id\":\"https:\/\/claudiamorin.com\/blogue\/courtier-immobilier-cap-rouge\/#primaryimage\"},\"image\":{\"@id\":\"https:\/\/claudiamorin.com\/blogue\/courtier-immobilier-cap-rouge\/#primaryimage\"},\"thumbnailUrl\":\"https:\/\/equipemorin.ca\/files\/2021\/05\/1080px-Rue_Provencher_Cap-Rouge-1024x683.jpg\",\"datePublished\":\"2021-05-25T15:54:05+00:00\",\"dateModified\":\"2021-05-25T17:19:04+00:00\",\"description\":\"Vous cherchez \u00e0 vendre ou \u00e0 acheter une propri\u00e9t\u00e9 \u00e0 Cap-Rouge ? Claudia Morin vous assure une transaction immobili\u00e8re rapide et avantageuse !\",\"breadcrumb\":{\"@id\":\"https:\/\/claudiamorin.com\/blogue\/courtier-immobilier-cap-rouge\/#breadcrumb\"},\"inLanguage\":\"en-US\",\"potentialAction\":[{\"@type\":\"ReadAction\",\"target\":[\"https:\/\/claudiamorin.com\/blogue\/courtier-immobilier-cap-rouge\/\"]}]},{\"@type\":\"ImageObject\",\"inLanguage\":\"en-US\",\"@id\":\"https:\/\/claudiamorin.com\/blogue\/courtier-immobilier-cap-rouge\/#primaryimage\",\"url\":\"https:\/\/equipemorin.ca\/files\/2021\/05\/1080px-Rue_Provencher_Cap-Rouge-1024x683.jpg\",\"contentUrl\":\"https:\/\/equipemorin.ca\/files\/2021\/05\/1080px-Rue_Provencher_Cap-Rouge-1024x683.jpg\"},{\"@type\":\"BreadcrumbList\",\"@id\":\"https:\/\/claudiamorin.com\/blogue\/courtier-immobilier-cap-rouge\/#breadcrumb\",\"itemListElement\":[{\"@type\":\"ListItem\",\"position\":1,\"name\":\"Accueil\",\"item\":\"https:\/\/claudiamorin.com\/\"},{\"@type\":\"ListItem\",\"position\":2,\"name\":\"Blogue\",\"item\":\"https:\/\/claudiamorin.com\/blogue\/\"},{\"@type\":\"ListItem\",\"position\":3,\"name\":\"Cap-rouge\"}]},{\"@type\":\"WebSite\",\"@id\":\"https:\/\/claudiamorin.com\/#website\",\"url\":\"https:\/\/claudiamorin.com\/\",\"name\":\"Claudia Morin RE\/MAX Real Estate Broker\",\"description\":\"Real Estate Broker\",\"potentialAction\":[{\"@type\":\"SearchAction\",\"target\":{\"@type\":\"EntryPoint\",\"urlTemplate\":\"https:\/\/claudiamorin.com\/?s={search_term_string}\"},\"query-input\":{\"@type\":\"PropertyValueSpecification\",\"valueRequired\":true,\"valueName\":\"search_term_string\"}}],\"inLanguage\":\"en-US\"}]}<\/script>\n<!-- \/ Yoast SEO plugin. -->","yoast_head_json":{"title":"Meilleur courtier Immobilier Cap-Rouge \u01c0 Claudia Morin","description":"Vous cherchez \u00e0 vendre ou \u00e0 acheter une propri\u00e9t\u00e9 \u00e0 Cap-Rouge ? Claudia Morin vous assure une transaction immobili\u00e8re rapide et avantageuse !","robots":{"index":"index","follow":"follow","max-snippet":"max-snippet:-1","max-image-preview":"max-image-preview:large","max-video-preview":"max-video-preview:-1"},"canonical":"https:\/\/claudiamorin.com\/blogue\/courtier-immobilier-cap-rouge\/","og_locale":"en_US","og_type":"article","og_title":"Meilleur courtier Immobilier Cap-Rouge \u01c0 Claudia Morin","og_description":"Vous cherchez \u00e0 vendre ou \u00e0 acheter une propri\u00e9t\u00e9 \u00e0 Cap-Rouge ? Claudia Morin vous assure une transaction immobili\u00e8re rapide et avantageuse !","og_url":"https:\/\/claudiamorin.com\/blogue\/courtier-immobilier-cap-rouge\/","og_site_name":"Claudia Morin RE\/MAX Real Estate Broker","article_publisher":"https:\/\/www.facebook.com\/claudiamorinremax\/","article_modified_time":"2021-05-25T17:19:04+00:00","og_image":[{"url":"https:\/\/equipemorin.ca\/files\/2021\/05\/1080px-Rue_Provencher_Cap-Rouge-1024x683.jpg","type":"","width":"","height":""}],"twitter_card":"summary_large_image","twitter_site":"@remax_claudia","twitter_misc":{"Est. reading time":"4 minutes"},"schema":{"@context":"https:\/\/schema.org","@graph":[{"@type":"WebPage","@id":"https:\/\/claudiamorin.com\/blogue\/courtier-immobilier-cap-rouge\/","url":"https:\/\/claudiamorin.com\/blogue\/courtier-immobilier-cap-rouge\/","name":"Meilleur courtier Immobilier Cap-Rouge \u01c0 Claudia Morin","isPartOf":{"@id":"https:\/\/claudiamorin.com\/#website"},"primaryImageOfPage":{"@id":"https:\/\/claudiamorin.com\/blogue\/courtier-immobilier-cap-rouge\/#primaryimage"},"image":{"@id":"https:\/\/claudiamorin.com\/blogue\/courtier-immobilier-cap-rouge\/#primaryimage"},"thumbnailUrl":"https:\/\/equipemorin.ca\/files\/2021\/05\/1080px-Rue_Provencher_Cap-Rouge-1024x683.jpg","datePublished":"2021-05-25T15:54:05+00:00","dateModified":"2021-05-25T17:19:04+00:00","description":"Vous cherchez \u00e0 vendre ou \u00e0 acheter une propri\u00e9t\u00e9 \u00e0 Cap-Rouge ? Claudia Morin vous assure une transaction immobili\u00e8re rapide et avantageuse !","breadcrumb":{"@id":"https:\/\/claudiamorin.com\/blogue\/courtier-immobilier-cap-rouge\/#breadcrumb"},"inLanguage":"en-US","potentialAction":[{"@type":"ReadAction","target":["https:\/\/claudiamorin.com\/blogue\/courtier-immobilier-cap-rouge\/"]}]},{"@type":"ImageObject","inLanguage":"en-US","@id":"https:\/\/claudiamorin.com\/blogue\/courtier-immobilier-cap-rouge\/#primaryimage","url":"https:\/\/equipemorin.ca\/files\/2021\/05\/1080px-Rue_Provencher_Cap-Rouge-1024x683.jpg","contentUrl":"https:\/\/equipemorin.ca\/files\/2021\/05\/1080px-Rue_Provencher_Cap-Rouge-1024x683.jpg"},{"@type":"BreadcrumbList","@id":"https:\/\/claudiamorin.com\/blogue\/courtier-immobilier-cap-rouge\/#breadcrumb","itemListElement":[{"@type":"ListItem","position":1,"name":"Accueil","item":"https:\/\/claudiamorin.com\/"},{"@type":"ListItem","position":2,"name":"Blogue","item":"https:\/\/claudiamorin.com\/blogue\/"},{"@type":"ListItem","position":3,"name":"Cap-rouge"}]},{"@type":"WebSite","@id":"https:\/\/claudiamorin.com\/#website","url":"https:\/\/claudiamorin.com\/","name":"Claudia Morin RE\/MAX Real Estate Broker","description":"Real Estate Broker","potentialAction":[{"@type":"SearchAction","target":{"@type":"EntryPoint","urlTemplate":"https:\/\/claudiamorin.com\/?s={search_term_string}"},"query-input":{"@type":"PropertyValueSpecification","valueRequired":true,"valueName":"search_term_string"}}],"inLanguage":"en-US"}]}},"_links":{"self":[{"href":"https:\/\/claudiamorin.com\/en\/wp-json\/wp\/v2\/pages\/3028","targetHints":{"allow":["GET"]}}],"collection":[{"href":"https:\/\/claudiamorin.com\/en\/wp-json\/wp\/v2\/pages"}],"about":[{"href":"https:\/\/claudiamorin.com\/en\/wp-json\/wp\/v2\/types\/page"}],"author":[{"embeddable":true,"href":"https:\/\/claudiamorin.com\/en\/wp-json\/wp\/v2\/users\/769"}],"replies":[{"embeddable":true,"href":"https:\/\/claudiamorin.com\/en\/wp-json\/wp\/v2\/comments?post=3028"}],"version-history":[{"count":2,"href":"https:\/\/claudiamorin.com\/en\/wp-json\/wp\/v2\/pages\/3028\/revisions"}],"predecessor-version":[{"id":3047,"href":"https:\/\/claudiamorin.com\/en\/wp-json\/wp\/v2\/pages\/3028\/revisions\/3047"}],"up":[{"embeddable":true,"href":"https:\/\/claudiamorin.com\/en\/wp-json\/wp\/v2\/pages\/261"}],"wp:attachment":[{"href":"https:\/\/claudiamorin.com\/en\/wp-json\/wp\/v2\/media?parent=3028"}],"curies":[{"name":"wp","href":"https:\/\/api.w.org\/{rel}","templated":true}]}}